{"id":219,"date":"2024-11-10T20:49:33","date_gmt":"2024-11-10T23:49:33","guid":{"rendered":"https:\/\/danibalz.com.ar\/demo\/?page_id=219"},"modified":"2025-03-05T21:32:37","modified_gmt":"2025-03-06T00:32:37","slug":"servicios-para-industria","status":"publish","type":"page","link":"https:\/\/danibalz.com.ar\/demo\/servicios-para-industria\/","title":{"rendered":"Servicios para Industria"},"content":{"rendered":"\t\t<div data-elementor-type=\"wp-page\" data-elementor-id=\"219\" class=\"elementor elementor-219\" data-elementor-post-type=\"page\">\n\t\t\t\t<div class=\"elementor-element elementor-element-0149265 e-con-full elementor-hidden-tablet elementor-hidden-mobile e-flex e-con e-parent\" data-id=\"0149265\" data-element_type=\"container\" data-settings=\"{&quot;_ha_eqh_enable&quot;:false}\">\n\t\t\t\t<div class=\"elementor-element elementor-element-f7c8483 elementor-widget elementor-widget-slider_revolution\" data-id=\"f7c8483\" data-element_type=\"widget\" data-widget_type=\"slider_revolution.default\">\n\t\t\t\t<div class=\"elementor-widget-container\">\n\t\t\t\n\t\t<div class=\"wp-block-themepunch-revslider\">\n\t\t\t\t<p class=\"rs-p-wp-fix\"><\/p>\n\t\t\t\t<sr7-module data-alias=\"industria\" data-id=\"2\" id=\"SR7_2_1\" class=\"rs-ov-hidden\" data-version=\"6.7.20\">\n\t\t\t\t\t<sr7-adjuster><\/sr7-adjuster>\n\t\t\t\t\t<sr7-content>\n\t\t\t\t\t\t<sr7-slide id=\"SR7_2_1-20\" data-key=\"20\">\n\t\t\t\t\t\t<\/sr7-slide>\n\t\t\t\t\t\t<sr7-slide id=\"SR7_2_1-10\" data-key=\"10\">\n\t\t\t\t\t\t<\/sr7-slide>\n\t\t\t\t\t<\/sr7-content>\n\t\t\t\t\t<image_lists style=\"display:none\">\n\t\t\t\t\t\t<img data-src=\"\/\/danibalz.com.ar\/demo\/wp-content\/uploads\/2024\/12\/banner-mobile-industria_Mesa-de-trabajo-1-copia-4.png\" data-libid=\"320\" data-lib=\"medialibrary\" title=\"banner-mobile-industria_Mesa de trabajo 1 copia 4\" width=\"0\" height=\"0\" data-dbsrc=\"Ly9kYW5pYmFsei5jb20uYXIvZGVtby93cC1jb250ZW50L3VwbG9hZHMvMjAyNC8xMi9iYW5uZXItbW9iaWxlLWluZHVzdHJpYV9NZXNhLWRlLXRyYWJham8tMS1jb3BpYS00LnBuZw==\"\/>\n\t\t\t\t\t\t<img data-src=\"\/\/danibalz.com.ar\/demo\/wp-content\/uploads\/2024\/12\/banner-Industria.png\" data-libid=\"308\" data-lib=\"medialibrary\" title=\"banner-Industria\" width=\"0\" height=\"0\" data-dbsrc=\"Ly9kYW5pYmFsei5jb20uYXIvZGVtby93cC1jb250ZW50L3VwbG9hZHMvMjAyNC8xMi9iYW5uZXItSW5kdXN0cmlhLnBuZw==\"\/>\n\t\t\t\t\t<\/image_lists>\n\t\t\t\t<\/sr7-module>\n\t\t\t\t<script>\n\t\t\t\t\tSR7.PMH ??={}; SR7.PMH[\"SR7_2_1\"] = {cn:0,state:false,fn: function() { if (_tpt!==undefined && _tpt.prepareModuleHeight !== undefined) {  _tpt.prepareModuleHeight({id:\"SR7_2_1\",el:[495,495,495,495,400],type:'standard',shdw:'0',gh:[495,495,495,495,400],gw:[2000,2000,2000,2000,480],vpt:['100px&#039;,&#039;100px&#039;,&#039;100px&#039;,&#039;100px&#039;,&#039;100px'],size:{fullWidth:true, fullHeight:false},mh:'0',onh:0,onw:0,bg:{color:'{\"orig\":\"transparent\",\"type\":\"solid\",\"string\":\"transparent\"}'}});   SR7.PMH[\"SR7_2_1\"].state=true;} else if((SR7.PMH[\"SR7_2_1\"].cn++)<100)\tsetTimeout( SR7.PMH[\"SR7_2_1\"].fn,19);}};SR7.PMH[\"SR7_2_1\" ].fn();\n\t\t\t\t<\/script>\n<\/div>\n\n\t\t\t\t<\/div>\n\t\t\t\t<\/div>\n\t\t\t\t<\/div>\n\t\t<div class=\"elementor-element elementor-element-c309f4b e-con-full elementor-hidden-desktop e-flex e-con e-parent\" data-id=\"c309f4b\" data-element_type=\"container\" data-settings=\"{&quot;_ha_eqh_enable&quot;:false}\">\n\t\t\t\t<div class=\"elementor-element elementor-element-cf96364 elementor-widget elementor-widget-slider_revolution\" data-id=\"cf96364\" data-element_type=\"widget\" data-widget_type=\"slider_revolution.default\">\n\t\t\t\t<div class=\"elementor-widget-container\">\n\t\t\t\n\t\t<div class=\"wp-block-themepunch-revslider\">\n\t\t\t\t<p class=\"rs-p-wp-fix\"><\/p>\n\t\t\t\t<sr7-module data-alias=\"industria_desk-1\" data-id=\"6\" id=\"SR7_6_2\" class=\"rs-ov-hidden\" data-version=\"6.7.20\">\n\t\t\t\t\t<sr7-adjuster><\/sr7-adjuster>\n\t\t\t\t\t<sr7-content>\n\t\t\t\t\t\t<sr7-slide id=\"SR7_6_2-25\" data-key=\"25\">\n\t\t\t\t\t\t<\/sr7-slide>\n\t\t\t\t\t\t<sr7-slide id=\"SR7_6_2-24\" data-key=\"24\">\n\t\t\t\t\t\t<\/sr7-slide>\n\t\t\t\t\t\t<sr7-slide id=\"SR7_6_2-27\" data-key=\"27\">\n\t\t\t\t\t\t<\/sr7-slide>\n\t\t\t\t\t\t<sr7-slide id=\"SR7_6_2-26\" data-key=\"26\">\n\t\t\t\t\t\t<\/sr7-slide>\n\t\t\t\t\t<\/sr7-content>\n\t\t\t\t\t<image_lists style=\"display:none\">\n\t\t\t\t\t\t<img data-src=\"\/\/danibalz.com.ar\/demo\/wp-content\/uploads\/2024\/12\/banner-mobile-industria_Mesa-de-trabajo-1-copia-4.png\" data-libid=\"320\" data-lib=\"medialibrary\" title=\"banner-mobile-industria_Mesa de trabajo 1 copia 4\" width=\"0\" height=\"0\" data-dbsrc=\"Ly9kYW5pYmFsei5jb20uYXIvZGVtby93cC1jb250ZW50L3VwbG9hZHMvMjAyNC8xMi9iYW5uZXItbW9iaWxlLWluZHVzdHJpYV9NZXNhLWRlLXRyYWJham8tMS1jb3BpYS00LnBuZw==\"\/>\n\t\t\t\t\t\t<img data-src=\"\/\/danibalz.com.ar\/demo\/wp-content\/uploads\/2024\/12\/banner-Industria.png\" data-libid=\"308\" data-lib=\"medialibrary\" title=\"banner-Industria\" width=\"0\" height=\"0\" data-dbsrc=\"Ly9kYW5pYmFsei5jb20uYXIvZGVtby93cC1jb250ZW50L3VwbG9hZHMvMjAyNC8xMi9iYW5uZXItSW5kdXN0cmlhLnBuZw==\"\/>\n\t\t\t\t\t\t<img data-src=\"\/\/danibalz.com.ar\/demo\/wp-content\/uploads\/2024\/12\/banner-mobile-industria_Mesa-de-trabajo-1-copia-3.png\" data-libid=\"315\" data-lib=\"medialibrary\" title=\"banner-mobile-industria_Mesa de trabajo 1 copia 3\" width=\"0\" height=\"0\" data-dbsrc=\"Ly9kYW5pYmFsei5jb20uYXIvZGVtby93cC1jb250ZW50L3VwbG9hZHMvMjAyNC8xMi9iYW5uZXItbW9iaWxlLWluZHVzdHJpYV9NZXNhLWRlLXRyYWJham8tMS1jb3BpYS0zLnBuZw==\"\/>\n\t\t\t\t\t\t<img loading=\"lazy\" data-src=\"\/\/danibalz.com.ar\/demo\/wp-content\/uploads\/2024\/12\/banner-mobile-industria_Mesa-de-trabajo-1-copia-5.png\" data-libid=\"316\" data-lib=\"medialibrary\" title=\"banner-mobile-industria_Mesa de trabajo 1 copia 5\" width=\"0\" height=\"0\" data-dbsrc=\"Ly9kYW5pYmFsei5jb20uYXIvZGVtby93cC1jb250ZW50L3VwbG9hZHMvMjAyNC8xMi9iYW5uZXItbW9iaWxlLWluZHVzdHJpYV9NZXNhLWRlLXRyYWJham8tMS1jb3BpYS01LnBuZw==\"\/>\n\t\t\t\t\t<\/image_lists>\n\t\t\t\t<\/sr7-module>\n\t\t\t\t<script>\n\t\t\t\t\tSR7.PMH ??={}; SR7.PMH[\"SR7_6_2\"] = {cn:0,state:false,fn: function() { if (_tpt!==undefined && _tpt.prepareModuleHeight !== undefined) {  _tpt.prepareModuleHeight({id:\"SR7_6_2\",el:[495,495,495,495,400],type:'standard',shdw:'0',gh:[495,495,495,495,400],gw:[2000,2000,2000,2000,480],vpt:['100px&#039;,&#039;100px&#039;,&#039;100px&#039;,&#039;100px&#039;,&#039;100px'],size:{fullWidth:true, fullHeight:false},mh:'0',onh:0,onw:0,bg:{color:'{\"orig\":\"transparent\",\"type\":\"solid\",\"string\":\"transparent\"}'}});   SR7.PMH[\"SR7_6_2\"].state=true;} else if((SR7.PMH[\"SR7_6_2\"].cn++)<100)\tsetTimeout( SR7.PMH[\"SR7_6_2\"].fn,19);}};SR7.PMH[\"SR7_6_2\" ].fn();\n\t\t\t\t<\/script>\n<\/div>\n\n\t\t\t\t<\/div>\n\t\t\t\t<\/div>\n\t\t\t\t<\/div>\n\t\t<div class=\"elementor-element elementor-element-149aace e-grid e-con-boxed e-con e-parent\" data-id=\"149aace\" data-element_type=\"container\" data-settings=\"{&quot;_ha_eqh_enable&quot;:false}\">\n\t\t\t\t\t<div class=\"e-con-inner\">\n\t\t\t\t<div class=\"elementor-element elementor-element-bb3e74f elementor-widget elementor-widget-text-editor\" data-id=\"bb3e74f\" data-element_type=\"widget\" data-widget_type=\"text-editor.default\">\n\t\t\t\t<div class=\"elementor-widget-container\">\n\t\t\t\t\t\t\t<p style=\"font-weight: 400;\">Somos una compa\u00f1\u00eda de origen Argentino, con 30 a\u00f1os de experiencia en el mercado De Automatizaci\u00f3n de Movimiento, Manipulaci\u00f3n y Transporte de Materiales y Cargas, lo que hoy llamamos Log\u00cdstica Interna o INTRALOGISTICA. Desarrollamos sistemas a Medida del foco del negocio de nuestros clientes. Contamos con Referencias de primer nivel en todo tipo de industrias como Alimentaci\u00f3n, Bebidas, Laboratorios, Bienes de Consumos, Aeropuertos y Desarrollos especiales.<\/p>\t\t\t\t\t\t<\/div>\n\t\t\t\t<\/div>\n\t\t\t\t<div class=\"elementor-element elementor-element-5ab4eea elementor-widget elementor-widget-video\" data-id=\"5ab4eea\" data-element_type=\"widget\" data-settings=\"{&quot;youtube_url&quot;:&quot;https:\\\/\\\/www.youtube.com\\\/watch?v=REGgEt1-3HA&quot;,&quot;modestbranding&quot;:&quot;yes&quot;,&quot;video_type&quot;:&quot;youtube&quot;,&quot;controls&quot;:&quot;yes&quot;}\" data-widget_type=\"video.default\">\n\t\t\t\t<div class=\"elementor-widget-container\">\n\t\t\t\t\t<div class=\"elementor-wrapper elementor-open-inline\">\n\t\t\t<div class=\"elementor-video\"><\/div>\t\t<\/div>\n\t\t\t\t<\/div>\n\t\t\t\t<\/div>\n\t\t\t\t\t<\/div>\n\t\t\t\t<\/div>\n\t\t<div class=\"elementor-element elementor-element-f48dd37 e-flex e-con-boxed e-con e-parent\" data-id=\"f48dd37\" data-element_type=\"container\" data-settings=\"{&quot;_ha_eqh_enable&quot;:false}\">\n\t\t\t\t\t<div class=\"e-con-inner\">\n\t\t<div class=\"elementor-element elementor-element-fc83d4e e-con-full e-flex e-con e-child\" data-id=\"fc83d4e\" data-element_type=\"container\" data-settings=\"{&quot;_ha_eqh_enable&quot;:false}\">\n\t\t<div class=\"elementor-element elementor-element-198de11 e-con-full e-flex e-con e-child\" data-id=\"198de11\" data-element_type=\"container\" data-settings=\"{&quot;_ha_eqh_enable&quot;:false}\">\n\t\t<div class=\"elementor-element elementor-element-97ceb6e e-grid e-con-full e-con e-child\" data-id=\"97ceb6e\" data-element_type=\"container\" data-settings=\"{&quot;_ha_eqh_enable&quot;:false}\">\n\t\t\t\t<div class=\"elementor-element elementor-element-97a55c3 elementor-align-justify elementor-widget elementor-widget-button\" data-id=\"97a55c3\" data-element_type=\"widget\" data-widget_type=\"button.default\">\n\t\t\t\t<div class=\"elementor-widget-container\">\n\t\t\t\t\t\t\t<div class=\"elementor-button-wrapper\">\n\t\t\t\t\t<a class=\"elementor-button elementor-button-link elementor-size-sm\" href=\"https:\/\/drive.google.com\/file\/d\/1tdp95RwFt_UX9kQTQVB6UwyT9v86Fqmc\/view?usp=sharing\" target=\"_blank\">\n\t\t\t\t\t\t<span class=\"elementor-button-content-wrapper\">\n\t\t\t\t\t\t<span class=\"elementor-button-icon\">\n\t\t\t\t<svg aria-hidden=\"true\" class=\"e-font-icon-svg e-fas-file-pdf\" viewBox=\"0 0 384 512\" xmlns=\"http:\/\/www.w3.org\/2000\/svg\"><path d=\"M181.9 256.1c-5-16-4.9-46.9-2-46.9 8.4 0 7.6 36.9 2 46.9zm-1.7 47.2c-7.7 20.2-17.3 43.3-28.4 62.7 18.3-7 39-17.2 62.9-21.9-12.7-9.6-24.9-23.4-34.5-40.8zM86.1 428.1c0 .8 13.2-5.4 34.9-40.2-6.7 6.3-29.1 24.5-34.9 40.2zM248 160h136v328c0 13.3-10.7 24-24 24H24c-13.3 0-24-10.7-24-24V24C0 10.7 10.7 0 24 0h200v136c0 13.2 10.8 24 24 24zm-8 171.8c-20-12.2-33.3-29-42.7-53.8 4.5-18.5 11.6-46.6 6.2-64.2-4.7-29.4-42.4-26.5-47.8-6.8-5 18.3-.4 44.1 8.1 77-11.6 27.6-28.7 64.6-40.8 85.8-.1 0-.1.1-.2.1-27.1 13.9-73.6 44.5-54.5 68 5.6 6.9 16 10 21.5 10 17.9 0 35.7-18 61.1-61.8 25.8-8.5 54.1-19.1 79-23.2 21.7 11.8 47.1 19.5 64 19.5 29.2 0 31.2-32 19.7-43.4-13.9-13.6-54.3-9.7-73.6-7.2zM377 105L279 7c-4.5-4.5-10.6-7-17-7h-6v128h128v-6.1c0-6.3-2.5-12.4-7-16.9zm-74.1 255.3c4.1-2.7-2.5-11.9-42.8-9 37.1 15.8 42.8 9 42.8 9z\"><\/path><\/svg>\t\t\t<\/span>\n\t\t\t\t\t\t\t\t\t<span class=\"elementor-button-text\">Descargar Folleto<\/span>\n\t\t\t\t\t<\/span>\n\t\t\t\t\t<\/a>\n\t\t\t\t<\/div>\n\t\t\t\t\t\t<\/div>\n\t\t\t\t<\/div>\n\t\t\t\t<div class=\"elementor-element elementor-element-c34d4d8 elementor-align-justify elementor-widget elementor-widget-button\" data-id=\"c34d4d8\" data-element_type=\"widget\" data-widget_type=\"button.default\">\n\t\t\t\t<div class=\"elementor-widget-container\">\n\t\t\t\t\t\t\t<div class=\"elementor-button-wrapper\">\n\t\t\t\t\t<a class=\"elementor-button elementor-button-link elementor-size-sm\" href=\"https:\/\/drive.google.com\/file\/d\/1LSJyYIsVZwz4xnRDTMMnkBWCHNhWnPaB\/view?usp=sharing\" target=\"_blank\">\n\t\t\t\t\t\t<span class=\"elementor-button-content-wrapper\">\n\t\t\t\t\t\t<span class=\"elementor-button-icon\">\n\t\t\t\t<svg aria-hidden=\"true\" class=\"e-font-icon-svg e-fas-file-pdf\" viewBox=\"0 0 384 512\" xmlns=\"http:\/\/www.w3.org\/2000\/svg\"><path d=\"M181.9 256.1c-5-16-4.9-46.9-2-46.9 8.4 0 7.6 36.9 2 46.9zm-1.7 47.2c-7.7 20.2-17.3 43.3-28.4 62.7 18.3-7 39-17.2 62.9-21.9-12.7-9.6-24.9-23.4-34.5-40.8zM86.1 428.1c0 .8 13.2-5.4 34.9-40.2-6.7 6.3-29.1 24.5-34.9 40.2zM248 160h136v328c0 13.3-10.7 24-24 24H24c-13.3 0-24-10.7-24-24V24C0 10.7 10.7 0 24 0h200v136c0 13.2 10.8 24 24 24zm-8 171.8c-20-12.2-33.3-29-42.7-53.8 4.5-18.5 11.6-46.6 6.2-64.2-4.7-29.4-42.4-26.5-47.8-6.8-5 18.3-.4 44.1 8.1 77-11.6 27.6-28.7 64.6-40.8 85.8-.1 0-.1.1-.2.1-27.1 13.9-73.6 44.5-54.5 68 5.6 6.9 16 10 21.5 10 17.9 0 35.7-18 61.1-61.8 25.8-8.5 54.1-19.1 79-23.2 21.7 11.8 47.1 19.5 64 19.5 29.2 0 31.2-32 19.7-43.4-13.9-13.6-54.3-9.7-73.6-7.2zM377 105L279 7c-4.5-4.5-10.6-7-17-7h-6v128h128v-6.1c0-6.3-2.5-12.4-7-16.9zm-74.1 255.3c4.1-2.7-2.5-11.9-42.8-9 37.1 15.8 42.8 9 42.8 9z\"><\/path><\/svg>\t\t\t<\/span>\n\t\t\t\t\t\t\t\t\t<span class=\"elementor-button-text\">Download Brochure<\/span>\n\t\t\t\t\t<\/span>\n\t\t\t\t\t<\/a>\n\t\t\t\t<\/div>\n\t\t\t\t\t\t<\/div>\n\t\t\t\t<\/div>\n\t\t\t\t<\/div>\n\t\t\t\t<\/div>\n\t\t\t\t<\/div>\n\t\t\t\t\t<\/div>\n\t\t\t\t<\/div>\n\t\t\t\t<\/div>\n\t\t","protected":false},"excerpt":{"rendered":"<p>Somos una compa\u00f1\u00eda de origen Argentino, con 30 a\u00f1os de experiencia en el mercado De Automatizaci\u00f3n de Movimiento, Manipulaci\u00f3n y Transporte de Materiales y Cargas, lo que hoy llamamos Log\u00cdstica Interna o INTRALOGISTICA. Desarrollamos sistemas a Medida del foco del negocio de nuestros clientes. Contamos con Referencias de primer nivel en todo tipo de industrias [&hellip;]<\/p>\n","protected":false},"author":1,"featured_media":0,"parent":0,"menu_order":0,"comment_status":"closed","ping_status":"closed","template":"elementor_header_footer","meta":{"_joinchat":[],"footnotes":""},"class_list":["post-219","page","type-page","status-publish","hentry"],"_links":{"self":[{"href":"https:\/\/danibalz.com.ar\/demo\/wp-json\/wp\/v2\/pages\/219","targetHints":{"allow":["GET"]}}],"collection":[{"href":"https:\/\/danibalz.com.ar\/demo\/wp-json\/wp\/v2\/pages"}],"about":[{"href":"https:\/\/danibalz.com.ar\/demo\/wp-json\/wp\/v2\/types\/page"}],"author":[{"embeddable":true,"href":"https:\/\/danibalz.com.ar\/demo\/wp-json\/wp\/v2\/users\/1"}],"replies":[{"embeddable":true,"href":"https:\/\/danibalz.com.ar\/demo\/wp-json\/wp\/v2\/comments?post=219"}],"version-history":[{"count":40,"href":"https:\/\/danibalz.com.ar\/demo\/wp-json\/wp\/v2\/pages\/219\/revisions"}],"predecessor-version":[{"id":775,"href":"https:\/\/danibalz.com.ar\/demo\/wp-json\/wp\/v2\/pages\/219\/revisions\/775"}],"wp:attachment":[{"href":"https:\/\/danibalz.com.ar\/demo\/wp-json\/wp\/v2\/media?parent=219"}],"curies":[{"name":"wp","href":"https:\/\/api.w.org\/{rel}","templated":true}]}}